{"id":1462,"date":"2019-05-02T11:44:57","date_gmt":"2019-05-02T09:44:57","guid":{"rendered":"http:\/\/www.eurotreff.amj-musik.de\/?page_id=1462"},"modified":"2026-04-09T14:41:32","modified_gmt":"2026-04-09T12:41:32","slug":"studytour","status":"publish","type":"page","link":"https:\/\/www.eurotreff-amj.de\/en\/studytour\/","title":{"rendered":"Study Tour"},"content":{"rendered":"<div id=\"pl-1462\"  class=\"panel-layout\" ><div id=\"pg-1462-0\"  class=\"panel-grid panel-has-style\" ><div style=\"padding: 100px 0; \" data-overlay=\"true\" data-overlay-color=\"#000000\" class=\"panel-row-style panel-row-style-for-1462-0\" ><div id=\"pgc-1462-0-0\"  class=\"panel-grid-cell\" ><div id=\"panel-1462-0-0-0\" class=\"so-panel widget widget_sow-image panel-first-child panel-last-child\" data-index=\"0\" ><div style=\"text-align: left;\" data-title-color=\"#443f3f\" data-headings-color=\"#443f3f\" class=\"panel-widget-style panel-widget-style-for-1462-0-0-0\" ><div\n\t\t\t\n\t\t\tclass=\"so-widget-sow-image so-widget-sow-image-default-dbf295114b96-1462\"\n\t\t\t\n\t\t>\n<div class=\"sow-image-container\">\n\t\t<img fetchpriority=\"high\" \n\tsrc=\"https:\/\/www.eurotreff-amj.de\/wp-content\/uploads\/2019\/05\/Bine-Becker-Beck.jpg\" width=\"500\" height=\"600\" srcset=\"https:\/\/www.eurotreff-amj.de\/wp-content\/uploads\/2019\/05\/Bine-Becker-Beck.jpg 500w, https:\/\/www.eurotreff-amj.de\/wp-content\/uploads\/2019\/05\/Bine-Becker-Beck-250x300.jpg 250w, https:\/\/www.eurotreff-amj.de\/wp-content\/uploads\/2019\/05\/Bine-Becker-Beck-230x276.jpg 230w, https:\/\/www.eurotreff-amj.de\/wp-content\/uploads\/2019\/05\/Bine-Becker-Beck-350x420.jpg 350w, https:\/\/www.eurotreff-amj.de\/wp-content\/uploads\/2019\/05\/Bine-Becker-Beck-480x576.jpg 480w\" sizes=\"(max-width: 500px) 100vw, 500px\" alt=\"\" \t\tclass=\"so-widget-image\"\/>\n\t<\/div>\n\n<\/div><\/div><\/div><\/div><div id=\"pgc-1462-0-1\"  class=\"panel-grid-cell\" ><div id=\"panel-1462-0-1-0\" class=\"so-panel widget widget_text panel-first-child\" data-index=\"1\" ><div style=\"text-align: left;\" data-title-color=\"#443f3f\" data-headings-color=\"#443f3f\" class=\"panel-widget-style panel-widget-style-for-1462-0-1-0\" ><h3 class=\"widget-title\">9.-11. September 2027, Wolfenb\u00fcttel<\/h3>\t\t\t<div class=\"textwidget\"><div id=\"panel-1462-0-1-0\" class=\"so-panel widget widget_text panel-first-child\" data-index=\"1\" data-style=\"{&quot;background_image_attachment&quot;:false,&quot;background_display&quot;:&quot;tile&quot;,&quot;content_alignment&quot;:&quot;left&quot;,&quot;title_color&quot;:&quot;#443f3f&quot;,&quot;headings_color&quot;:&quot;#443f3f&quot;}\">\n<div class=\"panel-widget-style panel-widget-style-for-1462-0-1-0\" style=\"text-align: left;\" data-title-color=\"#443f3f\" data-headings-color=\"#443f3f\">\n<h3 class=\"widget-title\"><\/h3>\n<div class=\"textwidget\">\n<p>Unter der Leitung von Bine Becker-Beck findet begleitend zum EUROTREFF 2027 die Study Tour statt.<\/p>\n<p>Ziel dieser ist es, interessierten ChorleiterInnen umfassende Einblicke in musikalische Aspekte, organisatorische Abl\u00e4ufe der Internationalen Chor- und Festivalarbeit zu erm\u00f6glichen.<\/p>\n<p>Ein Schwerpunkt liegt auf dem sowohl unter den Teilnehmenden als auch im Dialog mit S\u00e4ngerinnen, dem Organisationsteam des AMJ und den international renommierten Leiterinnen der Ateliers.<\/p>\n<p>Neben dem gemeinsamen Besuch der Atelierproben und Konzerte bietet die Study Tour den Raum sich inhaltlich mit verschiedenen Themen wie der Probenvorbereitung und -methodik, Rhythmik oder der Kommunikation zwischen Chor und Chorleitung auseinanderzusetzen.<\/p>\n<p>Zus\u00e4tzlich wird zu spezifischen Fragen gearbeitet, etwa zur Konzeption eines Atelierprogramms, zu dirigiertechnischen Feinheiten oder zur Integration choreographischer Elemente in die musikalische Arbeit. Auch Aspekte wie die unterschiedlichen p\u00e4dagogischen Ans\u00e4tze der AtelierleiterInnen sowie die Organisation und Vorbereitung einer solchen Veranstaltung finden Einzug.<\/p>\n<\/div>\n<\/div>\n<\/div>\n<\/div>\n\t\t<\/div><\/div><div id=\"panel-1462-0-1-1\" class=\"so-panel widget widget_text panel-last-child\" data-index=\"2\" ><div style=\"text-align: left;\" data-title-color=\"#ffffff\" data-headings-color=\"#443f3f\" class=\"panel-widget-style panel-widget-style-for-1462-0-1-1\" ><h3 class=\"widget-title\">Ablauf<\/h3>\t\t\t<div class=\"textwidget\"><p>9.-11. September 2027 (einschlie\u00dflich gemeinsamer Besuch des Abschlusskonzerts<br \/>\n(An-\/Abreise individuell)<\/p>\n<p><strong>Kursgeb\u00fchr:<\/strong><br \/>\n200 \u20ac regul\u00e4r | 100 \u20ac erm\u00e4\u00dfigt f\u00fcr AMJ-Mitglieder (Stand 2025, \u00c4nderungen m\u00f6glich)<\/p>\n<p><strong>Unterkunft\/Verpflegung:<br \/>\n<\/strong>Unterbringung und Verpflegung sind selbst zu organisieren. Es gibt die M\u00f6glichkeit an der Festivalverpflegung teilzunehmen gegen einen Aufpreis von 60 \u20ac. (Stand 2025, \u00c4nderungen m\u00f6glich)<br \/>\nDie Verpflegung umfasst drei Mahlzeiten (Fr\u00fchst\u00fcck, Mittag- und Abendessen) im Verpflegungszelt f\u00fcr die drei Tage (Donnerstag-Samstag).<br \/>\nBitte bei der Anmeldung mit angeben.<\/p>\n<p><strong>Noten:\u2028<\/strong><br \/>\nDas Notenmaterial ist in der Kursgeb\u00fchr inbegriffen und wird vor Ort in Wolfenb\u00fcttel zur Verf\u00fcgung gestellt.<\/p>\n<p><strong>Sonstiges:<br \/>\n<\/strong>Das Er\u00f6ffnungskonzert findet bereits einen Abend vorher, am 8. September statt und kann bei Wunsch gerne besucht werden. Bitte bei der Anmeldung mit angeben.<\/p>\n<p><strong>Anmeldeschluss:<\/strong> wird noch bekannt gegeben<\/p>\n<p><b>Weitere Infos ab Winter 2026\/27.<\/b><\/p>\n<\/div>\n\t\t<\/div><\/div><\/div><\/div><\/div><\/div>","protected":false},"excerpt":{"rendered":"<p>Unter der Leitung von Bine Becker-Beck findet begleitend zum EUROTREFF 2027 die Study Tour statt. Ziel dieser ist es, interessierten ChorleiterInnen umfassende [&hellip;]<\/p>\n","protected":false},"author":1,"featured_media":0,"parent":0,"menu_order":0,"comment_status":"closed","ping_status":"closed","template":"","meta":{"_acf_changed":false,"footnotes":"","_links_to":"","_links_to_target":""},"class_list":["post-1462","page","type-page","status-publish","hentry"],"acf":[],"_links":{"self":[{"href":"https:\/\/www.eurotreff-amj.de\/en\/wp-json\/wp\/v2\/pages\/1462","targetHints":{"allow":["GET"]}}],"collection":[{"href":"https:\/\/www.eurotreff-amj.de\/en\/wp-json\/wp\/v2\/pages"}],"about":[{"href":"https:\/\/www.eurotreff-amj.de\/en\/wp-json\/wp\/v2\/types\/page"}],"author":[{"embeddable":true,"href":"https:\/\/www.eurotreff-amj.de\/en\/wp-json\/wp\/v2\/users\/1"}],"replies":[{"embeddable":true,"href":"https:\/\/www.eurotreff-amj.de\/en\/wp-json\/wp\/v2\/comments?post=1462"}],"version-history":[{"count":71,"href":"https:\/\/www.eurotreff-amj.de\/en\/wp-json\/wp\/v2\/pages\/1462\/revisions"}],"predecessor-version":[{"id":4600,"href":"https:\/\/www.eurotreff-amj.de\/en\/wp-json\/wp\/v2\/pages\/1462\/revisions\/4600"}],"wp:attachment":[{"href":"https:\/\/www.eurotreff-amj.de\/en\/wp-json\/wp\/v2\/media?parent=1462"}],"curies":[{"name":"wp","href":"https:\/\/api.w.org\/{rel}","templated":true}]}}