{"id":202,"date":"2017-07-31T10:41:20","date_gmt":"2017-07-31T08:41:20","guid":{"rendered":"http:\/\/www.eurotreff.amj-musik.de\/?page_id=202"},"modified":"2024-08-07T14:09:31","modified_gmt":"2024-08-07T12:09:31","slug":"ateliers","status":"publish","type":"page","link":"https:\/\/www.eurotreff-amj.de\/en\/festival-2025\/ateliers\/","title":{"rendered":"Ateliers"},"content":{"rendered":"<div id=\"pl-202\"  class=\"panel-layout\" ><div id=\"pg-202-0\"  class=\"panel-grid panel-has-style\" ><div style=\"padding: 100px 0; \" data-overlay=\"true\" class=\"panel-row-style panel-row-style-for-202-0\" ><div id=\"pgc-202-0-0\"  class=\"panel-grid-cell\" ><div id=\"panel-202-0-0-0\" class=\"so-panel widget widget_siteorigin-panels-postloop panel-first-child panel-last-child\" data-index=\"0\" ><div style=\"text-align: left;\" data-title-color=\"#443f3f\" data-headings-color=\"#443f3f\" class=\"panel-widget-style panel-widget-style-for-202-0-0-0\" >\n<article id=\"post-3199\" class=\"post-3199 atelierleiter type-atelierleiter status-publish has-post-thumbnail hentry category-44\">\n\n\t    \n    \n    \n    \n\t<header class=\"entry-header\">\n        \t\t<div class=\"entry-thumb-et\">\n\t\t\t<img fetchpriority=\"high\" decoding=\"async\" width=\"265\" height=\"300\" src=\"https:\/\/www.eurotreff-amj.de\/wp-content\/uploads\/2024\/08\/Johannes-Dewilde-Kopie-van-IYPh_Johannes_Copyright_Ivan-Yohan.jpg\" class=\"attachment-leiter size-leiter wp-post-image\" alt=\"\" srcset=\"https:\/\/www.eurotreff-amj.de\/wp-content\/uploads\/2024\/08\/Johannes-Dewilde-Kopie-van-IYPh_Johannes_Copyright_Ivan-Yohan.jpg 265w, https:\/\/www.eurotreff-amj.de\/wp-content\/uploads\/2024\/08\/Johannes-Dewilde-Kopie-van-IYPh_Johannes_Copyright_Ivan-Yohan-230x260.jpg 230w\" sizes=\"(max-width: 265px) 100vw, 265px\" \/>\t\t<\/div>\n\t\t<\/header><!-- .entry-header -->\n    <div class=\"entry-content-ateliers\">\n\t\t<strong>Atelier Girls\u2019 Choir<\/strong>\n    <h2 class=\"title-post entry-title\">Johannes Dewilde<\/h2>\n\t\t<span>Belgium<\/span>\n    \t\n        \n                                    <div class=\"ateliers-list\">\n                    <span class=\"ateliers-choir\"><a href=\"https:\/\/www.eurotreff-amj.de\/en\/chor\/kinderchor-wanju-boys-and-girls-choir\/\">Boys and Girls Choir Wanju<\/a><\/span>\n                    <span class=\"ateliers-land\">(Deutsch) S\u00fcdkorea<\/span>\n                    <\/div>\n                                    <div class=\"ateliers-list\">\n                    <span class=\"ateliers-choir\"><a href=\"https:\/\/www.eurotreff-amj.de\/en\/chor\/kinderchor-cantemus\/\">Children&#8217;s Choir Cantemus<\/a><\/span>\n                    <span class=\"ateliers-land\">Germany<\/span>\n                    <\/div>\n                                    <div class=\"ateliers-list\">\n                    <span class=\"ateliers-choir\"><a href=\"https:\/\/www.eurotreff-amj.de\/en\/chor\/st-barbara-childrens-choir\/\">Children&#8217;s Choir St. Barbara<\/a><\/span>\n                    <span class=\"ateliers-land\">(Deutsch) Griechenland<\/span>\n                    <\/div>\n                \n                    \n\t\t\t<\/div><!-- .entry-content -->\n\n\t<footer class=\"entry-footer\">\n\t\t\t<\/footer><!-- .entry-footer -->\n\n\t\n<\/article><!-- #post-## -->\n\n<article id=\"post-3195\" class=\"post-3195 atelierleiter type-atelierleiter status-publish has-post-thumbnail hentry category-44\">\n\n\t    \n    \n    \n    \n\t<header class=\"entry-header\">\n        \t\t<div class=\"entry-thumb-et\">\n\t\t\t<img decoding=\"async\" width=\"265\" height=\"300\" src=\"https:\/\/www.eurotreff-amj.de\/wp-content\/uploads\/2024\/08\/Joachim-Geibel-c-Christian-Palm-05.jpg\" class=\"attachment-leiter size-leiter wp-post-image\" alt=\"\" srcset=\"https:\/\/www.eurotreff-amj.de\/wp-content\/uploads\/2024\/08\/Joachim-Geibel-c-Christian-Palm-05.jpg 265w, https:\/\/www.eurotreff-amj.de\/wp-content\/uploads\/2024\/08\/Joachim-Geibel-c-Christian-Palm-05-230x260.jpg 230w\" sizes=\"(max-width: 265px) 100vw, 265px\" \/>\t\t<\/div>\n\t\t<\/header><!-- .entry-header -->\n    <div class=\"entry-content-ateliers\">\n\t\t<strong>Atelier Children\u2019s Choir<\/strong>\n    <h2 class=\"title-post entry-title\">Joachim Geibel<\/h2>\n\t\t<span>Germany<\/span>\n    \t\n        \n                                    <div class=\"ateliers-list\">\n                    <span class=\"ateliers-choir\"><a href=\"https:\/\/www.eurotreff-amj.de\/en\/chor\/goettinger-knabenchor\/\">G\u00f6ttingen Boys Choir<\/a><\/span>\n                    <span class=\"ateliers-land\">Germany<\/span>\n                    <\/div>\n                                    <div class=\"ateliers-list\">\n                    <span class=\"ateliers-choir\"><a href=\"https:\/\/www.eurotreff-amj.de\/en\/chor\/maedchenchor-kiviukai\/\">Girls&#8217; Choir Kiviukai<\/a><\/span>\n                    <span class=\"ateliers-land\">(Deutsch) Litauen<\/span>\n                    <\/div>\n                                    <div class=\"ateliers-list\">\n                    <span class=\"ateliers-choir\"><a href=\"https:\/\/www.eurotreff-amj.de\/en\/chor\/maedchenchor-pana-moniuszki\/\">Pana Moniuszki Choir<\/a><\/span>\n                    <span class=\"ateliers-land\">(Deutsch) Polen<\/span>\n                    <\/div>\n                \n                    \n\t\t\t<\/div><!-- .entry-content -->\n\n\t<footer class=\"entry-footer\">\n\t\t\t<\/footer><!-- .entry-footer -->\n\n\t\n<\/article><!-- #post-## -->\n\n<article id=\"post-3198\" class=\"post-3198 atelierleiter type-atelierleiter status-publish has-post-thumbnail hentry category-44\">\n\n\t    \n    \n    \n    \n\t<header class=\"entry-header\">\n        \t\t<div class=\"entry-thumb-et\">\n\t\t\t<img decoding=\"async\" width=\"265\" height=\"300\" src=\"https:\/\/www.eurotreff-amj.de\/wp-content\/uploads\/2024\/08\/Merel-Martens_Photo-Merel-Martens.jpg\" class=\"attachment-leiter size-leiter wp-post-image\" alt=\"\" srcset=\"https:\/\/www.eurotreff-amj.de\/wp-content\/uploads\/2024\/08\/Merel-Martens_Photo-Merel-Martens.jpg 265w, https:\/\/www.eurotreff-amj.de\/wp-content\/uploads\/2024\/08\/Merel-Martens_Photo-Merel-Martens-230x260.jpg 230w\" sizes=\"(max-width: 265px) 100vw, 265px\" \/>\t\t<\/div>\n\t\t<\/header><!-- .entry-header -->\n    <div class=\"entry-content-ateliers\">\n\t\t<strong>Atelier Girls\u2019 Choir<\/strong>\n    <h2 class=\"title-post entry-title\">Merel Martens<\/h2>\n\t\t<span>Netherlands<\/span>\n    \t\n        \n                                    <div class=\"ateliers-list\">\n                    <span class=\"ateliers-choir\"><a href=\"https:\/\/www.eurotreff-amj.de\/en\/chor\/jugendchor-augustana\/\">Youth Choir Augustana<\/a><\/span>\n                    <span class=\"ateliers-land\">Germany<\/span>\n                    <\/div>\n                                    <div class=\"ateliers-list\">\n                    <span class=\"ateliers-choir\"><a href=\"https:\/\/www.eurotreff-amj.de\/en\/chor\/maedchenchor-kivi-junior\/\">Girls&#8217; Choir Kivi Junior<\/a><\/span>\n                    <span class=\"ateliers-land\">(Deutsch) Litauen<\/span>\n                    <\/div>\n                                    <div class=\"ateliers-list\">\n                    <span class=\"ateliers-choir\"><a href=\"https:\/\/www.eurotreff-amj.de\/en\/chor\/jugendchor-kaufungen\/\">Youth Choir Kaufungen<\/a><\/span>\n                    <span class=\"ateliers-land\">Germany<\/span>\n                    <\/div>\n                                    <div class=\"ateliers-list\">\n                    <span class=\"ateliers-choir\"><a href=\"https:\/\/www.eurotreff-amj.de\/en\/chor\/kinderchor-piccoli-cantori-di-torino\/\">Piccoli Cantori di Torino<\/a><\/span>\n                    <span class=\"ateliers-land\">(Deutsch) Italien<\/span>\n                    <\/div>\n                \n                    \n\t\t\t<\/div><!-- .entry-content -->\n\n\t<footer class=\"entry-footer\">\n\t\t\t<\/footer><!-- .entry-footer -->\n\n\t\n<\/article><!-- #post-## -->\n\n<article id=\"post-3197\" class=\"post-3197 atelierleiter type-atelierleiter status-publish has-post-thumbnail hentry category-44\">\n\n\t    \n    \n    \n    \n\t<header class=\"entry-header\">\n        \t\t<div class=\"entry-thumb-et\">\n\t\t\t<img loading=\"lazy\" decoding=\"async\" width=\"265\" height=\"300\" src=\"https:\/\/www.eurotreff-amj.de\/wp-content\/uploads\/2024\/08\/Maria-Emma-Meligkopoulou_photo-M.-E.-Meligkopoulou.jpg\" class=\"attachment-leiter size-leiter wp-post-image\" alt=\"\" srcset=\"https:\/\/www.eurotreff-amj.de\/wp-content\/uploads\/2024\/08\/Maria-Emma-Meligkopoulou_photo-M.-E.-Meligkopoulou.jpg 265w, https:\/\/www.eurotreff-amj.de\/wp-content\/uploads\/2024\/08\/Maria-Emma-Meligkopoulou_photo-M.-E.-Meligkopoulou-230x260.jpg 230w\" sizes=\"(max-width: 265px) 100vw, 265px\" \/>\t\t<\/div>\n\t\t<\/header><!-- .entry-header -->\n    <div class=\"entry-content-ateliers\">\n\t\t<strong>Atelier Children\u2019s Choir<\/strong>\n    <h2 class=\"title-post entry-title\">Maria Emma Meligopoulou<\/h2>\n\t\t<span>Greece<\/span>\n    \t\n        \n                                    <div class=\"ateliers-list\">\n                    <span class=\"ateliers-choir\"><a href=\"https:\/\/www.eurotreff-amj.de\/en\/chor\/koelnerkinderuni-chor\/\">Choir of the Children\u2019s University Cologne<\/a><\/span>\n                    <span class=\"ateliers-land\">Germany<\/span>\n                    <\/div>\n                                    <div class=\"ateliers-list\">\n                    <span class=\"ateliers-choir\"><a href=\"https:\/\/www.eurotreff-amj.de\/en\/chor\/kinderchor-wanju-boys-and-girls-choir\/\">Boys and Girls Choir Wanju<\/a><\/span>\n                    <span class=\"ateliers-land\">(Deutsch) S\u00fcdkorea<\/span>\n                    <\/div>\n                                    <div class=\"ateliers-list\">\n                    <span class=\"ateliers-choir\"><a href=\"https:\/\/www.eurotreff-amj.de\/en\/chor\/kinderchor-piccoli-cantori-di-torino\/\">Piccoli Cantori di Torino<\/a><\/span>\n                    <span class=\"ateliers-land\">(Deutsch) Italien<\/span>\n                    <\/div>\n                                    <div class=\"ateliers-list\">\n                    <span class=\"ateliers-choir\"><a href=\"https:\/\/www.eurotreff-amj.de\/en\/chor\/childrens-choir-dobri-hristov\/\">Children&#8217;s Choir Dobri Hristov<\/a><\/span>\n                    <span class=\"ateliers-land\">(Deutsch) Bulgarien<\/span>\n                    <\/div>\n                \n                    \n\t\t\t<\/div><!-- .entry-content -->\n\n\t<footer class=\"entry-footer\">\n\t\t\t<\/footer><!-- .entry-footer -->\n\n\t\n<\/article><!-- #post-## -->\n\n<article id=\"post-3196\" class=\"post-3196 atelierleiter type-atelierleiter status-publish has-post-thumbnail hentry category-44\">\n\n\t    \n    \n    \n    \n\t<header class=\"entry-header\">\n        \t\t<div class=\"entry-thumb-et\">\n\t\t\t<img loading=\"lazy\" decoding=\"async\" width=\"265\" height=\"300\" src=\"https:\/\/www.eurotreff-amj.de\/wp-content\/uploads\/2024\/08\/Foto-Erik-Sohn_Copyright_Christian-Nielinger.jpg\" class=\"attachment-leiter size-leiter wp-post-image\" alt=\"\" srcset=\"https:\/\/www.eurotreff-amj.de\/wp-content\/uploads\/2024\/08\/Foto-Erik-Sohn_Copyright_Christian-Nielinger.jpg 265w, https:\/\/www.eurotreff-amj.de\/wp-content\/uploads\/2024\/08\/Foto-Erik-Sohn_Copyright_Christian-Nielinger-230x260.jpg 230w\" sizes=\"(max-width: 265px) 100vw, 265px\" \/>\t\t<\/div>\n\t\t<\/header><!-- .entry-header -->\n    <div class=\"entry-content-ateliers\">\n\t\t<strong>Atelier Mixed Youth Choir<\/strong>\n    <h2 class=\"title-post entry-title\">Erik Sohn<\/h2>\n\t\t<span>Germany<\/span>\n    \t\n        \n                                    <div class=\"ateliers-list\">\n                    <span class=\"ateliers-choir\"><a href=\"https:\/\/www.eurotreff-amj.de\/en\/chor\/voice-changers\/\">VoiceChangers<\/a><\/span>\n                    <span class=\"ateliers-land\">Germany<\/span>\n                    <\/div>\n                                    <div class=\"ateliers-list\">\n                    <span class=\"ateliers-choir\"><a href=\"https:\/\/www.eurotreff-amj.de\/en\/chor\/jugendchor-sbor-svitani\/\">Choir Sv\u00edt\u00e1n\u00ed<\/a><\/span>\n                    <span class=\"ateliers-land\">(Deutsch) Tschechien<\/span>\n                    <\/div>\n                                    <div class=\"ateliers-list\">\n                    <span class=\"ateliers-choir\"><a href=\"https:\/\/www.eurotreff-amj.de\/en\/chor\/jugendchor-poppenbuettel\/\">Youth Choir Poppenb\u00fcttel<\/a><\/span>\n                    <span class=\"ateliers-land\">(Deutsch) Deutschland<\/span>\n                    <\/div>\n                                    <div class=\"ateliers-list\">\n                    <span class=\"ateliers-choir\"><a href=\"https:\/\/www.eurotreff-amj.de\/en\/chor\/jugendchor-der-marktkirche-hannover\/\">Youth Choir Marktkirche Hanover<\/a><\/span>\n                    <span class=\"ateliers-land\">Germany<\/span>\n                    <\/div>\n                                    <div class=\"ateliers-list\">\n                    <span class=\"ateliers-choir\"><a href=\"https:\/\/www.eurotreff-amj.de\/en\/chor\/jugendchor-kaufungen\/\">Youth Choir Kaufungen<\/a><\/span>\n                    <span class=\"ateliers-land\">Germany<\/span>\n                    <\/div>\n                                    <div class=\"ateliers-list\">\n                    <span class=\"ateliers-choir\"><a href=\"https:\/\/www.eurotreff-amj.de\/en\/chor\/jugendchor-augustana\/\">Youth Choir Augustana<\/a><\/span>\n                    <span class=\"ateliers-land\">Germany<\/span>\n                    <\/div>\n                \n                    \n\t\t\t<\/div><!-- .entry-content -->\n\n\t<footer class=\"entry-footer\">\n\t\t\t<\/footer><!-- .entry-footer -->\n\n\t\n<\/article><!-- #post-## -->\n\n<article id=\"post-3185\" class=\"post-3185 atelierleiter type-atelierleiter status-publish has-post-thumbnail hentry category-44\">\n\n\t    \n    \n    \n    \n\t<header class=\"entry-header\">\n        \t\t<div class=\"entry-thumb-et\">\n\t\t\t<img loading=\"lazy\" decoding=\"async\" width=\"265\" height=\"300\" src=\"https:\/\/www.eurotreff-amj.de\/wp-content\/uploads\/2024\/08\/Vivianne-Sydnes_Foto-Vivianne-Sydnes.jpg\" class=\"attachment-leiter size-leiter wp-post-image\" alt=\"\" srcset=\"https:\/\/www.eurotreff-amj.de\/wp-content\/uploads\/2024\/08\/Vivianne-Sydnes_Foto-Vivianne-Sydnes.jpg 265w, https:\/\/www.eurotreff-amj.de\/wp-content\/uploads\/2024\/08\/Vivianne-Sydnes_Foto-Vivianne-Sydnes-230x260.jpg 230w\" sizes=\"(max-width: 265px) 100vw, 265px\" \/>\t\t<\/div>\n\t\t<\/header><!-- .entry-header -->\n    <div class=\"entry-content-ateliers\">\n\t\t<strong>Atelier Mixed Youth Choir<\/strong>\n    <h2 class=\"title-post entry-title\">Vivianne Sydnes<\/h2>\n\t\t<span>Norway<\/span>\n    \t\n        \n                                    <div class=\"ateliers-list\">\n                    <span class=\"ateliers-choir\"><a href=\"https:\/\/www.eurotreff-amj.de\/en\/chor\/kammerchor-domgymnasium-verden\/\">Chamber Choir Domgymnasium Verden<\/a><\/span>\n                    <span class=\"ateliers-land\">(Deutsch) Deutschland<\/span>\n                    <\/div>\n                                    <div class=\"ateliers-list\">\n                    <span class=\"ateliers-choir\"><a href=\"https:\/\/www.eurotreff-amj.de\/en\/chor\/childrens-choir-dobri-hristov\/\">Children&#8217;s Choir Dobri Hristov<\/a><\/span>\n                    <span class=\"ateliers-land\">(Deutsch) Bulgarien<\/span>\n                    <\/div>\n                                    <div class=\"ateliers-list\">\n                    <span class=\"ateliers-choir\"><a href=\"https:\/\/www.eurotreff-amj.de\/en\/chor\/goettinger-knabenchor\/\">G\u00f6ttingen Boys Choir<\/a><\/span>\n                    <span class=\"ateliers-land\">Germany<\/span>\n                    <\/div>\n                                    <div class=\"ateliers-list\">\n                    <span class=\"ateliers-choir\"><a href=\"https:\/\/www.eurotreff-amj.de\/en\/chor\/kinderchor-piccoli-cantori-di-torino\/\">Piccoli Cantori di Torino<\/a><\/span>\n                    <span class=\"ateliers-land\">(Deutsch) Italien<\/span>\n                    <\/div>\n                                    <div class=\"ateliers-list\">\n                    <span class=\"ateliers-choir\"><a href=\"https:\/\/www.eurotreff-amj.de\/en\/chor\/st-barbara-childrens-choir\/\">Children&#8217;s Choir St. Barbara<\/a><\/span>\n                    <span class=\"ateliers-land\">(Deutsch) Griechenland<\/span>\n                    <\/div>\n                \n                    \n\t\t\t<\/div><!-- .entry-content -->\n\n\t<footer class=\"entry-footer\">\n\t\t\t<\/footer><!-- .entry-footer -->\n\n\t\n<\/article><!-- #post-## -->\n<\/div><\/div><\/div><\/div><\/div><\/div>","protected":false},"excerpt":{"rendered":"","protected":false},"author":1,"featured_media":0,"parent":84,"menu_order":0,"comment_status":"closed","ping_status":"closed","template":"","meta":{"_acf_changed":false,"footnotes":"","_links_to":"","_links_to_target":""},"class_list":["post-202","page","type-page","status-publish","hentry"],"acf":[],"_links":{"self":[{"href":"https:\/\/www.eurotreff-amj.de\/en\/wp-json\/wp\/v2\/pages\/202","targetHints":{"allow":["GET"]}}],"collection":[{"href":"https:\/\/www.eurotreff-amj.de\/en\/wp-json\/wp\/v2\/pages"}],"about":[{"href":"https:\/\/www.eurotreff-amj.de\/en\/wp-json\/wp\/v2\/types\/page"}],"author":[{"embeddable":true,"href":"https:\/\/www.eurotreff-amj.de\/en\/wp-json\/wp\/v2\/users\/1"}],"replies":[{"embeddable":true,"href":"https:\/\/www.eurotreff-amj.de\/en\/wp-json\/wp\/v2\/comments?post=202"}],"version-history":[{"count":25,"href":"https:\/\/www.eurotreff-amj.de\/en\/wp-json\/wp\/v2\/pages\/202\/revisions"}],"predecessor-version":[{"id":3233,"href":"https:\/\/www.eurotreff-amj.de\/en\/wp-json\/wp\/v2\/pages\/202\/revisions\/3233"}],"up":[{"embeddable":true,"href":"https:\/\/www.eurotreff-amj.de\/en\/wp-json\/wp\/v2\/pages\/84"}],"wp:attachment":[{"href":"https:\/\/www.eurotreff-amj.de\/en\/wp-json\/wp\/v2\/media?parent=202"}],"curies":[{"name":"wp","href":"https:\/\/api.w.org\/{rel}","templated":true}]}}